{"id":7652,"date":"2023-12-14T12:48:34","date_gmt":"2023-12-14T11:48:34","guid":{"rendered":"https:\/\/duchiluxuryapartments.it\/grand-hotel-duchi-daosta\/"},"modified":"2025-01-29T15:27:27","modified_gmt":"2025-01-29T14:27:27","slug":"grand-hotel-duchi-daosta","status":"publish","type":"page","link":"https:\/\/duchiluxuryapartments.it\/de\/grand-hotel-duchi-daosta\/","title":{"rendered":"Grand Hotel Duchi D\u2019Aosta"},"content":{"rendered":"<div  class=\"grids-section three-image-row grids-is-advanced alignwide\" style=\"--_gs-gap-desktop:0px 0px;--_gs-m-desktop:0 0 0 0;--_gs-p-desktop:0 0 0 0;--_gs-bg-desktop:transparent none;--_gs-bg-xp-desktop:0px;--_gs-zi-desktop:auto;--_gs-d-desktop:block;--_gs-mw-desktop:calc(100% - 0 - 0);--_gs-gap-tablet:0px 0px;--_gs-m-tablet:0 0 0 0;--_gs-p-tablet:0 0 0 0;--_gs-bg-tablet:transparent none;--_gs-bg-xp-tablet:0px;--_gs-zi-tablet:auto;--_gs-d-tablet:block;--_gs-mw-tablet:calc(100% - 0 - 0);--_gs-gap-mobile:0px 0px;--_gs-m-mobile:0 0 0 0;--_gs-p-mobile:0 0 0 0;--_gs-bg-mobile:transparent none;--_gs-bg-xp-mobile:0px;--_gs-zi-mobile:auto;--_gs-d-mobile:block;--_gs-mw-mobile:calc(100% - 0 - 0);--_gs-columns:12;--_gs-rows:6\"><div class=\"grids-s-w_i\">\n<div class=\"grids-area content animated fadeInRight\" style=\"--_ga-column:8\/13;--_ga-row:1\/4;--_ga-va:center;--_ga-m-desktop:0 0 0 0;--_ga-p-desktop:0 0 0 0;--_ga-bg-desktop:transparent none;--_ga-zi-desktop:auto;--_ga-d-desktop:flex;--_ga-mw-desktop:calc(100% - 0 - 0);--_ga-m-tablet:0 0 0 0;--_ga-p-tablet:0 0 0 0;--_ga-bg-tablet:transparent none;--_ga-zi-tablet:auto;--_ga-d-tablet:flex;--_ga-mw-tablet:calc(100% - 0 - 0);--_ga-m-mobile:0 0 0 0;--_ga-p-mobile:0 0 0 0;--_ga-bg-mobile:transparent none;--_ga-zi-mobile:auto;--_ga-d-mobile:flex;--_ga-mw-mobile:calc(100% - 0 - 0)\">\n\n<p class=\"counter-h\">TRAUMHAFTE SUITEN\n        <\/p>\n\n\n\n<h2 class=\"wp-block-heading has-text-align-left\">\u00dcbernachtung im Grand Hotel\n        <\/h2>\n\n\n\n<p>Kunst und Design verschmelzen in unseren 37 elegant gestalteten Zimmern mit reicher Tradition.<\/p>\n\n\n\n<div class=\"wp-block-buttons is-layout-flex wp-block-buttons-is-layout-flex\">\n<div class=\"wp-block-button\"><a class=\"wp-block-button__link wp-element-button\" href=\"https:\/\/duchidaosta.com\/de\/camere-suites\/\">TR\u00c4UMEN SIE IN UNSEREN SUITEN\n        <\/a><\/div>\n<\/div>\n\n<\/div>\n\n<div class=\"grids-area image-big animated fadeInLeft\" style=\"--_ga-column:1\/8;--_ga-row:2\/7;--_ga-va:flex-end;--_ga-m-desktop:0 0 0 0;--_ga-p-desktop:0 0 0 0;--_ga-bg-desktop:transparent none;--_ga-zi-desktop:auto;--_ga-d-desktop:flex;--_ga-mw-desktop:calc(100% - 0 - 0);--_ga-m-tablet:0 0 0 0;--_ga-p-tablet:0 0 0 0;--_ga-bg-tablet:transparent none;--_ga-zi-tablet:auto;--_ga-d-tablet:flex;--_ga-mw-tablet:calc(100% - 0 - 0);--_ga-m-mobile:0 0 0 0;--_ga-p-mobile:0 0 0 0;--_ga-bg-mobile:transparent none;--_ga-zi-mobile:auto;--_ga-d-mobile:flex;--_ga-mw-mobile:calc(100% - 0 - 0)\">\n\n<figure class=\"wp-block-image size-full full-width\"><img loading=\"lazy\" decoding=\"async\" width=\"830\" height=\"831\" src=\"https:\/\/duchiluxuryapartments.it\/wp-content\/uploads\/2023\/11\/Dormire-al-Grand-Hotel-img.jpg\" alt=\"Lussuoso bagno con vista sulla camera da letto e arredi eleganti.\" class=\"wp-image-7029\" srcset=\"https:\/\/duchiluxuryapartments.it\/wp-content\/uploads\/2023\/11\/Dormire-al-Grand-Hotel-img.jpg 830w, https:\/\/duchiluxuryapartments.it\/wp-content\/uploads\/2023\/11\/Dormire-al-Grand-Hotel-img-300x300.jpg 300w, https:\/\/duchiluxuryapartments.it\/wp-content\/uploads\/2023\/11\/Dormire-al-Grand-Hotel-img-150x150.jpg 150w, https:\/\/duchiluxuryapartments.it\/wp-content\/uploads\/2023\/11\/Dormire-al-Grand-Hotel-img-768x769.jpg 768w, https:\/\/duchiluxuryapartments.it\/wp-content\/uploads\/2023\/11\/Dormire-al-Grand-Hotel-img-500x501.jpg 500w, https:\/\/duchiluxuryapartments.it\/wp-content\/uploads\/2023\/11\/Dormire-al-Grand-Hotel-img-800x801.jpg 800w\" sizes=\"auto, (max-width: 830px) 100vw, 830px\" \/><\/figure>\n\n<\/div>\n\n<div class=\"grids-area image animated fadeInRight delay-100ms\" style=\"--_ga-column:7\/10;--_ga-row:4\/7;--_ga-va:flex-end;--_ga-m-desktop:0 0 0 0;--_ga-p-desktop:0 0 0 0;--_ga-bg-desktop:transparent none;--_ga-zi-desktop:auto;--_ga-d-desktop:flex;--_ga-mw-desktop:calc(100% - 0 - 0);--_ga-m-tablet:0 0 0 0;--_ga-p-tablet:0 0 0 0;--_ga-bg-tablet:transparent none;--_ga-zi-tablet:auto;--_ga-d-tablet:flex;--_ga-mw-tablet:calc(100% - 0 - 0);--_ga-m-mobile:0 0 0 0;--_ga-p-mobile:0 0 0 0;--_ga-bg-mobile:transparent none;--_ga-zi-mobile:auto;--_ga-d-mobile:flex;--_ga-mw-mobile:calc(100% - 0 - 0)\">\n\n<figure class=\"wp-block-image size-full full-width\"><img loading=\"lazy\" decoding=\"async\" width=\"379\" height=\"430\" src=\"https:\/\/duchiluxuryapartments.it\/wp-content\/uploads\/2023\/11\/Dormire-al-Grand-Hotel-02.jpg\" alt=\"Camera da letto moderna con letto grande, poltrona grigia e tende grigie.\" class=\"wp-image-7032\" srcset=\"https:\/\/duchiluxuryapartments.it\/wp-content\/uploads\/2023\/11\/Dormire-al-Grand-Hotel-02.jpg 379w, https:\/\/duchiluxuryapartments.it\/wp-content\/uploads\/2023\/11\/Dormire-al-Grand-Hotel-02-264x300.jpg 264w\" sizes=\"auto, (max-width: 379px) 100vw, 379px\" \/><\/figure>\n\n<\/div>\n\n<div class=\"grids-area image animated fadeInRight delay-200ms\" style=\"--_ga-column:10\/13;--_ga-row:4\/7;--_ga-va:flex-end;--_ga-m-desktop:0 0 0 0;--_ga-p-desktop:0 0 0 0;--_ga-bg-desktop:transparent none;--_ga-zi-desktop:auto;--_ga-d-desktop:flex;--_ga-mw-desktop:calc(100% - 0 - 0);--_ga-m-tablet:0 0 0 0;--_ga-p-tablet:0 0 0 0;--_ga-bg-tablet:transparent none;--_ga-zi-tablet:auto;--_ga-d-tablet:flex;--_ga-mw-tablet:calc(100% - 0 - 0);--_ga-m-mobile:0 0 0 0;--_ga-p-mobile:0 0 0 0;--_ga-bg-mobile:transparent none;--_ga-zi-mobile:auto;--_ga-d-mobile:flex;--_ga-mw-mobile:calc(100% - 0 - 0)\">\n\n<figure class=\"wp-block-image size-full full-width\"><img loading=\"lazy\" decoding=\"async\" width=\"379\" height=\"430\" src=\"https:\/\/duchiluxuryapartments.it\/wp-content\/uploads\/2023\/11\/Dormire-al-Grand-Hotel-03.jpg\" alt=\"Scalinata elegante con tappeto rosso e cornici d'arte su pareti beige.\" class=\"wp-image-7038\" srcset=\"https:\/\/duchiluxuryapartments.it\/wp-content\/uploads\/2023\/11\/Dormire-al-Grand-Hotel-03.jpg 379w, https:\/\/duchiluxuryapartments.it\/wp-content\/uploads\/2023\/11\/Dormire-al-Grand-Hotel-03-264x300.jpg 264w\" sizes=\"auto, (max-width: 379px) 100vw, 379px\" \/><\/figure>\n\n<\/div>\n<\/div><\/div>\n\n<div  class=\"grids-section grids-is-advanced alignfull\" style=\"--_gs-gap-desktop:0px 0px;--_gs-m-desktop:0 0 0 0;--_gs-p-desktop:0 0 0 0;--_gs-bg-desktop:transparent none;--_gs-bg-xp-desktop:0px;--_gs-zi-desktop:auto;--_gs-d-desktop:block;--_gs-mw-desktop:calc(100% - 0 - 0);--_gs-gap-tablet:0px 0px;--_gs-m-tablet:0 0 0 0;--_gs-p-tablet:0 0 0 0;--_gs-bg-tablet:transparent none;--_gs-bg-xp-tablet:0px;--_gs-zi-tablet:auto;--_gs-d-tablet:block;--_gs-mw-tablet:calc(100% - 0 - 0);--_gs-gap-mobile:0px 0px;--_gs-m-mobile:0 0 0 0;--_gs-p-mobile:0 0 0 0;--_gs-bg-mobile:transparent none;--_gs-bg-xp-mobile:0px;--_gs-zi-mobile:auto;--_gs-d-mobile:block;--_gs-mw-mobile:calc(100% - 0 - 0);--_gs-columns:12;--_gs-rows:6\"><div class=\"grids-s-w_i\">\n<div class=\"grids-area\" style=\"--_ga-column:1\/13;--_ga-row:1\/7;--_ga-m-desktop:0 0 0 0;--_ga-p-desktop:0 0 0 0;--_ga-bg-desktop:transparent none;--_ga-zi-desktop:auto;--_ga-d-desktop:flex;--_ga-mw-desktop:calc(100% - 0 - 0);--_ga-m-tablet:0 0 0 0;--_ga-p-tablet:0 0 0 0;--_ga-bg-tablet:transparent none;--_ga-zi-tablet:auto;--_ga-d-tablet:flex;--_ga-mw-tablet:calc(100% - 0 - 0);--_ga-m-mobile:0 0 0 0;--_ga-p-mobile:0 0 0 0;--_ga-bg-mobile:transparent none;--_ga-zi-mobile:auto;--_ga-d-mobile:flex;--_ga-mw-mobile:calc(100% - 0 - 0)\">\n    <div class=\"slider-gallery-wrapper\" id=\"customGallery_1\">\n        <div class=\"swiper-wrapper\">\n                                            <div class=\"slider-gallery-single-image swiper-slide\">\n                    <figure class=\"full-width slider-gallery\">\n                        <img decoding=\"async\" src=\"https:\/\/duchiluxuryapartments.it\/wp-content\/uploads\/2023\/11\/Slider-Grand-Hotel.jpg\" alt=\"Portiere sorridente che accoglie ospite all'entrata di un hotel di lusso.\" \/>\n                    <\/figure>\n                <\/div>\n                                            <div class=\"slider-gallery-single-image swiper-slide\">\n                    <figure class=\"full-width slider-gallery\">\n                        <img decoding=\"async\" src=\"https:\/\/duchiluxuryapartments.it\/wp-content\/uploads\/2023\/10\/the-square-penthouse-duchi-luxury-apartments.jpeg\" alt=\"\" \/>\n                    <\/figure>\n                <\/div>\n                                            <div class=\"slider-gallery-single-image swiper-slide\">\n                    <figure class=\"full-width slider-gallery\">\n                        <img decoding=\"async\" src=\"https:\/\/duchiluxuryapartments.it\/wp-content\/uploads\/2023\/11\/posizione-perfetta-duchi-luxury.jpg\" alt=\"\" \/>\n                    <\/figure>\n                <\/div>\n                                            <div class=\"slider-gallery-single-image swiper-slide\">\n                    <figure class=\"full-width slider-gallery\">\n                        <img decoding=\"async\" src=\"https:\/\/duchiluxuryapartments.it\/wp-content\/uploads\/2023\/11\/Slider-Grand-Hotel.jpg\" alt=\"Portiere sorridente che accoglie ospite all'entrata di un hotel di lusso.\" \/>\n                    <\/figure>\n                <\/div>\n                                            <div class=\"slider-gallery-single-image swiper-slide\">\n                    <figure class=\"full-width slider-gallery\">\n                        <img decoding=\"async\" src=\"https:\/\/duchiluxuryapartments.it\/wp-content\/uploads\/2023\/10\/the-square-penthouse-duchi-luxury-apartments.jpeg\" alt=\"\" \/>\n                    <\/figure>\n                <\/div>\n                                            <div class=\"slider-gallery-single-image swiper-slide\">\n                    <figure class=\"full-width slider-gallery\">\n                        <img decoding=\"async\" src=\"https:\/\/duchiluxuryapartments.it\/wp-content\/uploads\/2023\/11\/posizione-perfetta-duchi-luxury.jpg\" alt=\"\" \/>\n                    <\/figure>\n                <\/div>\n                    <\/div>\n\n        <div class=\"slider-list-navigation\">\n            <div class=\"swiper-pagination\"><\/div>\n        <\/div>\n\t<\/div>\n\n<script type=\"text\/javascript\">\n    jQuery(document).ready(function () {\n        \/\/ initialize swiper when document ready\n        var customGallery_1 = new Swiper ('#customGallery_1', {\n            slidesPerView: 'auto',\n            spaceBetween: 0,\n            loop: true,\n            centeredSlides: true,\n            autoplay: {\n                delay: 2500,\n                disableOnInteraction: true,\n            },\n            pagination: {\n                el: '#customGallery_1 .slider-list-navigation .swiper-pagination',\n                clickable: true\n            },\n        });\n    });\n<\/script>\n\n<\/div>\n<\/div><\/div>\n\n\n<div class=\"wp-block-group divider animated slideInLeft\"><div class=\"wp-block-group__inner-container is-layout-constrained wp-block-group-is-layout-constrained\">\n<hr class=\"wp-block-separator has-alpha-channel-opacity\"\/>\n\n\n\n<p class=\"has-text-align-center\">Wo jedes Detail darauf ausgerichtet ist, Ihre Erwartungen zu \u00fcbertreffen\n        <\/p>\n<\/div><\/div>\n\n\n<div  class=\"grids-section content-image-over grids-is-advanced alignwide\" style=\"--_gs-gap-desktop:0px 0px;--_gs-m-desktop:0 0 0 0;--_gs-p-desktop:0 0 0 0;--_gs-bg-desktop:transparent none;--_gs-bg-xp-desktop:0px;--_gs-zi-desktop:auto;--_gs-d-desktop:block;--_gs-mw-desktop:calc(100% - 0 - 0);--_gs-gap-tablet:0px 0px;--_gs-m-tablet:0 0 0 0;--_gs-p-tablet:0 0 0 0;--_gs-bg-tablet:transparent none;--_gs-bg-xp-tablet:0px;--_gs-zi-tablet:auto;--_gs-d-tablet:block;--_gs-mw-tablet:calc(100% - 0 - 0);--_gs-gap-mobile:0px 0px;--_gs-m-mobile:0 0 0 0;--_gs-p-mobile:0 0 0 0;--_gs-bg-mobile:transparent none;--_gs-bg-xp-mobile:0px;--_gs-zi-mobile:auto;--_gs-d-mobile:block;--_gs-mw-mobile:calc(100% - 0 - 0);--_gs-columns:12;--_gs-rows:6\"><div class=\"grids-s-w_i\">\n<div class=\"grids-area content animated fadeInLeft\" style=\"--_ga-column:1\/8;--_ga-row:1\/7;--_ga-va:center;--_ga-m-desktop:0 0 0 0;--_ga-p-desktop:0 0 0 0;--_ga-bg-desktop:#f5f5f5 none;--_ga-zi-desktop:auto;--_ga-d-desktop:flex;--_ga-mw-desktop:calc(100% - 0 - 0);--_ga-m-tablet:0 0 0 0;--_ga-p-tablet:0 0 0 0;--_ga-bg-tablet:#f5f5f5 none;--_ga-zi-tablet:auto;--_ga-d-tablet:flex;--_ga-mw-tablet:calc(100% - 0 - 0);--_ga-m-mobile:0 0 0 0;--_ga-p-mobile:0 0 0 0;--_ga-bg-mobile:#f5f5f5 none;--_ga-zi-mobile:auto;--_ga-d-mobile:flex;--_ga-mw-mobile:calc(100% - 0 - 0)\">\n\n<p class=\"counter-h\">RAFFINIERTE LIEBE ZUM DETAIL\n        <\/p>\n\n\n\n<div class=\"title-letter\"><span>A\n        <\/span><h2>5-Sterne-Empfangs\n        <\/h2><\/div>\n\n\n\n<p>Die Qualit\u00e4t unseres Grand Hotels zeigt sich in den sorgf\u00e4ltig abgestimmten Dienstleistungen f\u00fcr jeden Gast.\n         Vom Concierge, der immer bereit ist, Ihnen jeden Wunsch zu erf\u00fcllen und Ihren Aufenthalt unvergesslich zu machen, bis zu unserer K\u00fcche, in der jedes Gericht eine mit Leidenschaft zubereitete Delikatesse ist.\n        <\/p>\n\n\n\n<p><a href=\"https:\/\/duchidaosta.com\/de\/il-grand-hotel\/\">ENTDECKEN SIE DEN ZAUBER DES GRAND HOTELS         <\/a><\/p>\n\n<\/div>\n\n<div class=\"grids-area image animated fadeInRight\" style=\"--_ga-column:7\/13;--_ga-row:1\/7;--_ga-va:center;--_ga-m-desktop:0 0 0 0;--_ga-p-desktop:0 0 0 0;--_ga-bg-desktop:transparent none;--_ga-zi-desktop:auto;--_ga-d-desktop:flex;--_ga-mw-desktop:calc(100% - 0 - 0);--_ga-m-tablet:0 0 0 0;--_ga-p-tablet:0 0 0 0;--_ga-bg-tablet:transparent none;--_ga-zi-tablet:auto;--_ga-d-tablet:flex;--_ga-mw-tablet:calc(100% - 0 - 0);--_ga-m-mobile:0 0 0 0;--_ga-p-mobile:0 0 0 0;--_ga-bg-mobile:transparent none;--_ga-zi-mobile:auto;--_ga-d-mobile:flex;--_ga-mw-mobile:calc(100% - 0 - 0)\">\n\n<figure class=\"wp-block-image size-full full-width\"><img loading=\"lazy\" decoding=\"async\" width=\"634\" height=\"817\" src=\"https:\/\/duchiluxuryapartments.it\/wp-content\/uploads\/2023\/11\/Accoglienza-a-5-stelle.jpg\" alt=\"Donna sorridente seduta all'aperto in una terrazza di un hotel godendosi la colazione.\" class=\"wp-image-7051\" srcset=\"https:\/\/duchiluxuryapartments.it\/wp-content\/uploads\/2023\/11\/Accoglienza-a-5-stelle.jpg 634w, https:\/\/duchiluxuryapartments.it\/wp-content\/uploads\/2023\/11\/Accoglienza-a-5-stelle-233x300.jpg 233w, https:\/\/duchiluxuryapartments.it\/wp-content\/uploads\/2023\/11\/Accoglienza-a-5-stelle-500x644.jpg 500w\" sizes=\"auto, (max-width: 634px) 100vw, 634px\" \/><\/figure>\n\n<\/div>\n<\/div><\/div>","protected":false},"excerpt":{"rendered":"<p>Wo jedes Detail darauf ausgerichtet ist, Ihre Erwartungen zu \u00fcbertreffen<\/p>\n","protected":false},"author":1,"featured_media":8419,"parent":0,"menu_order":0,"comment_status":"closed","ping_status":"closed","template":"","meta":{"_acf_changed":false,"advgb_blocks_editor_width":"","advgb_blocks_columns_visual_guide":"","footnotes":""},"class_list":["post-7652","page","type-page","status-publish","has-post-thumbnail","hentry","entry"],"acf":[],"yoast_head":"<!-- This site is optimized with the Yoast SEO plugin v26.3 - https:\/\/yoast.com\/wordpress\/plugins\/seo\/ -->\n<title>Grand Hotel Duchi D\u2019Aosta - Duchi Aparthotels<\/title>\n<meta name=\"description\" content=\"G\u00f6nnen Sie sich einen Traumaufenthalt im Grand Hotel Duchi d&#039;Aosta. Ein 5-Sterne-Empfang und elegante Suiten erwarten Sie in Triest.\" \/>\n<meta name=\"robots\" content=\"index, follow, max-snippet:-1, max-image-preview:large, max-video-preview:-1\" \/>\n<link rel=\"canonical\" href=\"https:\/\/duchiluxuryapartments.it\/de\/grand-hotel-duchi-daosta\/\" \/>\n<meta property=\"og:locale\" content=\"de_DE\" \/>\n<meta property=\"og:type\" content=\"article\" \/>\n<meta property=\"og:title\" content=\"Grand Hotel Duchi D\u2019Aosta - Duchi Aparthotels\" \/>\n<meta property=\"og:description\" content=\"G\u00f6nnen Sie sich einen Traumaufenthalt im Grand Hotel Duchi d&#039;Aosta. Ein 5-Sterne-Empfang und elegante Suiten erwarten Sie in Triest.\" \/>\n<meta property=\"og:url\" content=\"https:\/\/duchiluxuryapartments.it\/de\/grand-hotel-duchi-daosta\/\" \/>\n<meta property=\"og:site_name\" content=\"Duchi Aparthotels\" \/>\n<meta property=\"article:publisher\" content=\"https:\/\/www.facebook.com\/Hotel.Duchi.Trieste\" \/>\n<meta property=\"article:modified_time\" content=\"2025-01-29T14:27:27+00:00\" \/>\n<meta property=\"og:image\" content=\"https:\/\/duchiluxuryapartments.it\/wp-content\/uploads\/2025\/01\/GHDuchiAostaTrieste_Exterior-1-1.jpg\" \/>\n\t<meta property=\"og:image:width\" content=\"1920\" \/>\n\t<meta property=\"og:image:height\" content=\"1438\" \/>\n\t<meta property=\"og:image:type\" content=\"image\/jpeg\" \/>\n<meta name=\"twitter:card\" content=\"summary_large_image\" \/>\n<meta name=\"twitter:label1\" content=\"Gesch\u00e4tzte Lesezeit\" \/>\n\t<meta name=\"twitter:data1\" content=\"2\u00a0Minuten\" \/>\n<script type=\"application\/ld+json\" class=\"yoast-schema-graph\">{\"@context\":\"https:\/\/schema.org\",\"@graph\":[{\"@type\":\"WebPage\",\"@id\":\"https:\/\/duchiluxuryapartments.it\/de\/grand-hotel-duchi-daosta\/\",\"url\":\"https:\/\/duchiluxuryapartments.it\/de\/grand-hotel-duchi-daosta\/\",\"name\":\"Grand Hotel Duchi D\u2019Aosta - Duchi Aparthotels\",\"isPartOf\":{\"@id\":\"https:\/\/duchiluxuryapartments.it\/de\/#website\"},\"primaryImageOfPage\":{\"@id\":\"https:\/\/duchiluxuryapartments.it\/de\/grand-hotel-duchi-daosta\/#primaryimage\"},\"image\":{\"@id\":\"https:\/\/duchiluxuryapartments.it\/de\/grand-hotel-duchi-daosta\/#primaryimage\"},\"thumbnailUrl\":\"https:\/\/duchiluxuryapartments.it\/wp-content\/uploads\/2025\/01\/GHDuchiAostaTrieste_Exterior-1-1.jpg\",\"datePublished\":\"2023-12-14T11:48:34+00:00\",\"dateModified\":\"2025-01-29T14:27:27+00:00\",\"description\":\"G\u00f6nnen Sie sich einen Traumaufenthalt im Grand Hotel Duchi d'Aosta. Ein 5-Sterne-Empfang und elegante Suiten erwarten Sie in Triest.\",\"breadcrumb\":{\"@id\":\"https:\/\/duchiluxuryapartments.it\/de\/grand-hotel-duchi-daosta\/#breadcrumb\"},\"inLanguage\":\"de\",\"potentialAction\":[{\"@type\":\"ReadAction\",\"target\":[\"https:\/\/duchiluxuryapartments.it\/de\/grand-hotel-duchi-daosta\/\"]}]},{\"@type\":\"ImageObject\",\"inLanguage\":\"de\",\"@id\":\"https:\/\/duchiluxuryapartments.it\/de\/grand-hotel-duchi-daosta\/#primaryimage\",\"url\":\"https:\/\/duchiluxuryapartments.it\/wp-content\/uploads\/2025\/01\/GHDuchiAostaTrieste_Exterior-1-1.jpg\",\"contentUrl\":\"https:\/\/duchiluxuryapartments.it\/wp-content\/uploads\/2025\/01\/GHDuchiAostaTrieste_Exterior-1-1.jpg\",\"width\":1920,\"height\":1438},{\"@type\":\"BreadcrumbList\",\"@id\":\"https:\/\/duchiluxuryapartments.it\/de\/grand-hotel-duchi-daosta\/#breadcrumb\",\"itemListElement\":[{\"@type\":\"ListItem\",\"position\":1,\"name\":\"Home\",\"item\":\"https:\/\/duchiluxuryapartments.it\/de\/\"},{\"@type\":\"ListItem\",\"position\":2,\"name\":\"Grand Hotel Duchi D\u2019Aosta\"}]},{\"@type\":\"WebSite\",\"@id\":\"https:\/\/duchiluxuryapartments.it\/de\/#website\",\"url\":\"https:\/\/duchiluxuryapartments.it\/de\/\",\"name\":\"Duchi Aparthotels\",\"description\":\"\",\"publisher\":{\"@id\":\"https:\/\/duchiluxuryapartments.it\/de\/#organization\"},\"potentialAction\":[{\"@type\":\"SearchAction\",\"target\":{\"@type\":\"EntryPoint\",\"urlTemplate\":\"https:\/\/duchiluxuryapartments.it\/de\/?s={search_term_string}\"},\"query-input\":{\"@type\":\"PropertyValueSpecification\",\"valueRequired\":true,\"valueName\":\"search_term_string\"}}],\"inLanguage\":\"de\"},{\"@type\":\"Organization\",\"@id\":\"https:\/\/duchiluxuryapartments.it\/de\/#organization\",\"name\":\"Duchi Aparthotels\",\"url\":\"https:\/\/duchiluxuryapartments.it\/de\/\",\"logo\":{\"@type\":\"ImageObject\",\"inLanguage\":\"de\",\"@id\":\"https:\/\/duchiluxuryapartments.it\/de\/#\/schema\/logo\/image\/\",\"url\":\"https:\/\/duchiluxuryapartments.it\/wp-content\/uploads\/2023\/07\/logo-duchi-daosta.svg\",\"contentUrl\":\"https:\/\/duchiluxuryapartments.it\/wp-content\/uploads\/2023\/07\/logo-duchi-daosta.svg\",\"caption\":\"Duchi Aparthotels\"},\"image\":{\"@id\":\"https:\/\/duchiluxuryapartments.it\/de\/#\/schema\/logo\/image\/\"},\"sameAs\":[\"https:\/\/www.facebook.com\/Hotel.Duchi.Trieste\",\"https:\/\/www.instagram.com\/duchitrieste\/\",\"https:\/\/www.linkedin.com\/company\/grand-hotel-duchi-d-aosta-harry-s-piccolo-bistr-trieste\/\"]}]}<\/script>\n<!-- \/ Yoast SEO plugin. -->","yoast_head_json":{"title":"Grand Hotel Duchi D\u2019Aosta - Duchi Aparthotels","description":"G\u00f6nnen Sie sich einen Traumaufenthalt im Grand Hotel Duchi d'Aosta. Ein 5-Sterne-Empfang und elegante Suiten erwarten Sie in Triest.","robots":{"index":"index","follow":"follow","max-snippet":"max-snippet:-1","max-image-preview":"max-image-preview:large","max-video-preview":"max-video-preview:-1"},"canonical":"https:\/\/duchiluxuryapartments.it\/de\/grand-hotel-duchi-daosta\/","og_locale":"de_DE","og_type":"article","og_title":"Grand Hotel Duchi D\u2019Aosta - Duchi Aparthotels","og_description":"G\u00f6nnen Sie sich einen Traumaufenthalt im Grand Hotel Duchi d'Aosta. Ein 5-Sterne-Empfang und elegante Suiten erwarten Sie in Triest.","og_url":"https:\/\/duchiluxuryapartments.it\/de\/grand-hotel-duchi-daosta\/","og_site_name":"Duchi Aparthotels","article_publisher":"https:\/\/www.facebook.com\/Hotel.Duchi.Trieste","article_modified_time":"2025-01-29T14:27:27+00:00","og_image":[{"width":1920,"height":1438,"url":"https:\/\/duchiluxuryapartments.it\/wp-content\/uploads\/2025\/01\/GHDuchiAostaTrieste_Exterior-1-1.jpg","type":"image\/jpeg"}],"twitter_card":"summary_large_image","twitter_misc":{"Gesch\u00e4tzte Lesezeit":"2\u00a0Minuten"},"schema":{"@context":"https:\/\/schema.org","@graph":[{"@type":"WebPage","@id":"https:\/\/duchiluxuryapartments.it\/de\/grand-hotel-duchi-daosta\/","url":"https:\/\/duchiluxuryapartments.it\/de\/grand-hotel-duchi-daosta\/","name":"Grand Hotel Duchi D\u2019Aosta - Duchi Aparthotels","isPartOf":{"@id":"https:\/\/duchiluxuryapartments.it\/de\/#website"},"primaryImageOfPage":{"@id":"https:\/\/duchiluxuryapartments.it\/de\/grand-hotel-duchi-daosta\/#primaryimage"},"image":{"@id":"https:\/\/duchiluxuryapartments.it\/de\/grand-hotel-duchi-daosta\/#primaryimage"},"thumbnailUrl":"https:\/\/duchiluxuryapartments.it\/wp-content\/uploads\/2025\/01\/GHDuchiAostaTrieste_Exterior-1-1.jpg","datePublished":"2023-12-14T11:48:34+00:00","dateModified":"2025-01-29T14:27:27+00:00","description":"G\u00f6nnen Sie sich einen Traumaufenthalt im Grand Hotel Duchi d'Aosta. Ein 5-Sterne-Empfang und elegante Suiten erwarten Sie in Triest.","breadcrumb":{"@id":"https:\/\/duchiluxuryapartments.it\/de\/grand-hotel-duchi-daosta\/#breadcrumb"},"inLanguage":"de","potentialAction":[{"@type":"ReadAction","target":["https:\/\/duchiluxuryapartments.it\/de\/grand-hotel-duchi-daosta\/"]}]},{"@type":"ImageObject","inLanguage":"de","@id":"https:\/\/duchiluxuryapartments.it\/de\/grand-hotel-duchi-daosta\/#primaryimage","url":"https:\/\/duchiluxuryapartments.it\/wp-content\/uploads\/2025\/01\/GHDuchiAostaTrieste_Exterior-1-1.jpg","contentUrl":"https:\/\/duchiluxuryapartments.it\/wp-content\/uploads\/2025\/01\/GHDuchiAostaTrieste_Exterior-1-1.jpg","width":1920,"height":1438},{"@type":"BreadcrumbList","@id":"https:\/\/duchiluxuryapartments.it\/de\/grand-hotel-duchi-daosta\/#breadcrumb","itemListElement":[{"@type":"ListItem","position":1,"name":"Home","item":"https:\/\/duchiluxuryapartments.it\/de\/"},{"@type":"ListItem","position":2,"name":"Grand Hotel Duchi D\u2019Aosta"}]},{"@type":"WebSite","@id":"https:\/\/duchiluxuryapartments.it\/de\/#website","url":"https:\/\/duchiluxuryapartments.it\/de\/","name":"Duchi Aparthotels","description":"","publisher":{"@id":"https:\/\/duchiluxuryapartments.it\/de\/#organization"},"potentialAction":[{"@type":"SearchAction","target":{"@type":"EntryPoint","urlTemplate":"https:\/\/duchiluxuryapartments.it\/de\/?s={search_term_string}"},"query-input":{"@type":"PropertyValueSpecification","valueRequired":true,"valueName":"search_term_string"}}],"inLanguage":"de"},{"@type":"Organization","@id":"https:\/\/duchiluxuryapartments.it\/de\/#organization","name":"Duchi Aparthotels","url":"https:\/\/duchiluxuryapartments.it\/de\/","logo":{"@type":"ImageObject","inLanguage":"de","@id":"https:\/\/duchiluxuryapartments.it\/de\/#\/schema\/logo\/image\/","url":"https:\/\/duchiluxuryapartments.it\/wp-content\/uploads\/2023\/07\/logo-duchi-daosta.svg","contentUrl":"https:\/\/duchiluxuryapartments.it\/wp-content\/uploads\/2023\/07\/logo-duchi-daosta.svg","caption":"Duchi Aparthotels"},"image":{"@id":"https:\/\/duchiluxuryapartments.it\/de\/#\/schema\/logo\/image\/"},"sameAs":["https:\/\/www.facebook.com\/Hotel.Duchi.Trieste","https:\/\/www.instagram.com\/duchitrieste\/","https:\/\/www.linkedin.com\/company\/grand-hotel-duchi-d-aosta-harry-s-piccolo-bistr-trieste\/"]}]}},"coauthors":[],"author_meta":{"author_link":"https:\/\/duchiluxuryapartments.it\/de\/author\/jampaa\/","display_name":"Jampaa"},"relative_dates":{"created":"Posted 2\u00a0Jahren ago","modified":"Updated 1\u00a0Jahr ago"},"absolute_dates":{"created":"Posted on 14\/12\/2023","modified":"Updated on 29\/01\/2025"},"absolute_dates_time":{"created":"Posted on 14\/12\/2023 12:48","modified":"Updated on 29\/01\/2025 15:27"},"featured_img_caption":"","featured_img":"https:\/\/duchiluxuryapartments.it\/wp-content\/uploads\/2025\/01\/GHDuchiAostaTrieste_Exterior-1-1-1568x1174.jpg","series_order":"","_links":{"self":[{"href":"https:\/\/duchiluxuryapartments.it\/de\/wp-json\/wp\/v2\/pages\/7652","targetHints":{"allow":["GET"]}}],"collection":[{"href":"https:\/\/duchiluxuryapartments.it\/de\/wp-json\/wp\/v2\/pages"}],"about":[{"href":"https:\/\/duchiluxuryapartments.it\/de\/wp-json\/wp\/v2\/types\/page"}],"author":[{"embeddable":true,"href":"https:\/\/duchiluxuryapartments.it\/de\/wp-json\/wp\/v2\/users\/1"}],"replies":[{"embeddable":true,"href":"https:\/\/duchiluxuryapartments.it\/de\/wp-json\/wp\/v2\/comments?post=7652"}],"version-history":[{"count":4,"href":"https:\/\/duchiluxuryapartments.it\/de\/wp-json\/wp\/v2\/pages\/7652\/revisions"}],"predecessor-version":[{"id":8423,"href":"https:\/\/duchiluxuryapartments.it\/de\/wp-json\/wp\/v2\/pages\/7652\/revisions\/8423"}],"wp:featuredmedia":[{"embeddable":true,"href":"https:\/\/duchiluxuryapartments.it\/de\/wp-json\/wp\/v2\/media\/8419"}],"wp:attachment":[{"href":"https:\/\/duchiluxuryapartments.it\/de\/wp-json\/wp\/v2\/media?parent=7652"}],"curies":[{"name":"wp","href":"https:\/\/api.w.org\/{rel}","templated":true}]}}